{"id":29,"date":"2021-09-29T12:02:46","date_gmt":"2021-09-29T10:02:46","guid":{"rendered":"http:\/\/lenatrutt.fr\/?page_id=29"},"modified":"2022-05-11T16:09:47","modified_gmt":"2022-05-11T14:09:47","slug":"mes-offres","status":"publish","type":"page","link":"https:\/\/lenatrutt.fr\/?page_id=29","title":{"rendered":"Mes accompagnements"},"content":{"rendered":"\n<h2 class=\"alignwide has-text-align-center has-background-color has-secondary-background-color has-text-color has-background\">Les Ateliers Coop\u00e9ratifs<\/h2>\n\n\n\n<div class=\"wp-block-columns alignwide\">\n<div class=\"wp-elements-2 wp-block-column has-subtle-background-background-color has-text-color has-background has-link-color\" style=\"color:#000000;padding-top:2em;padding-right:2em;padding-bottom:2em;padding-left:2em\">\n<h2 class=\"has-text-align-center has-primary-color has-text-color has-larger-font-size\" id=\"single\"><strong>Fresque du Climat<\/strong><\/h2>\n\n\n\n<p class=\"has-text-align-center has-normal-font-size\" style=\"line-height:1.5\"><strong>3 heures<\/strong><\/p>\n\n\n\n<p>\u2714 D\u00e9couvrir, d\u00e9crypter, comprendre les enjeux climat<\/p>\n\n\n\n<p>\u2714 Cr\u00e9er du lien et de la coh\u00e9sion d\u2019\u00e9quipe<\/p>\n\n\n\n<p>\u2714 Embarquer l\u2019organisation dans des projets \u00e0 impacts<\/p>\n\n\n\n<p>\u2714 Propulser les initiatives engag\u00e9es<\/p>\n\n\n\n<div class=\"wp-container-1 wp-block-buttons alignfull\">\n<div class=\"wp-block-button has-custom-width wp-block-button__width-100\"><a class=\"wp-block-button__link has-white-color has-text-color has-background no-border-radius\" href=\"http:\/\/lenatrutt.fr\/?page_id=106\" style=\"background-color:#000000\">Programmez une intervention<\/a><\/div>\n<\/div>\n<\/div>\n\n\n\n<div class=\"wp-elements-4 wp-block-column has-subtle-background-background-color has-text-color has-background has-link-color\" style=\"color:#000000;padding-top:2em;padding-right:2em;padding-bottom:2em;padding-left:2em\">\n<h2 class=\"has-text-align-center has-primary-color has-text-color has-larger-font-size\" id=\"single\"><strong>Fresque de la Biodiversit\u00e9<\/strong><\/h2>\n\n\n\n<p class=\"has-text-align-center has-normal-font-size\" style=\"line-height:1.5\"><strong>3 heures<\/strong><\/p>\n\n\n\n<p>\u2714 D\u00e9couvrir, d\u00e9crypter, comprendre l&rsquo;aspect syst\u00e9mique de l&rsquo;\u00e9rosion de la biodiversit\u00e9 : ce qu\u2019elle est, ce qu\u2019elle permet et ce qui la d\u00e9grade.<\/p>\n\n\n\n<p>\u2714 Cr\u00e9er du lien et de la coh\u00e9sion d\u2019\u00e9quipe<\/p>\n\n\n\n<p>\u2714 Propulser les initiatives engag\u00e9es<\/p>\n\n\n\n<div class=\"wp-container-3 wp-block-buttons alignfull\">\n<div class=\"wp-block-button has-custom-width wp-block-button__width-100\"><a class=\"wp-block-button__link has-white-color has-text-color has-background no-border-radius\" href=\"http:\/\/lenatrutt.fr\/?page_id=106\" style=\"background-color:#000000\">Programmez une intervention<\/a><\/div>\n<\/div>\n<\/div>\n\n\n\n<div class=\"wp-elements-6 wp-block-column has-subtle-background-background-color has-text-color has-background has-link-color\" style=\"color:#000000;padding-top:2em;padding-right:2em;padding-bottom:2em;padding-left:2em\">\n<h2 class=\"has-text-align-center has-primary-color has-text-color has-larger-font-size\" id=\"single\" style=\"text-transform:capitalize\"><strong>Fresque des Nouveaux R\u00e9cits<\/strong><\/h2>\n\n\n\n<p class=\"has-text-align-center has-normal-font-size\" style=\"line-height:1.5\"><strong>3 heures 30<\/strong><\/p>\n\n\n\n<p>\u2714 Explorer le fonctionnement de votre cerveau pour comprendre comment lever les verrous socio-cognitifs<\/p>\n\n\n\n<p>\u2714 Construire en \u00e9quipes un r\u00e9cit permettant de faire advenir un futur d\u00e9sirable et compatible avec les limites plan\u00e9taires\u00a0!<\/p>\n\n\n\n<div class=\"wp-container-5 wp-block-buttons alignfull\">\n<div class=\"wp-block-button has-custom-width wp-block-button__width-100\"><a class=\"wp-block-button__link has-white-color has-text-color has-background no-border-radius\" href=\"http:\/\/lenatrutt.fr\/?page_id=106\" style=\"background-color:#000000\">Programmez une intervention<\/a><\/div>\n<\/div>\n<\/div>\n<\/div>\n\n\n\n<div class=\"wp-block-columns alignwide\">\n<div class=\"wp-elements-8 wp-block-column has-subtle-background-background-color has-text-color has-background has-link-color\" style=\"color:#000000;padding-top:2em;padding-right:2em;padding-bottom:2em;padding-left:2em\">\n<h2 class=\"has-text-align-center has-primary-color has-text-color has-larger-font-size\" id=\"single\" style=\"text-transform:capitalize\"><strong>Fresque Oc\u00e9ane<\/strong><\/h2>\n\n\n\n<p class=\"has-text-align-center has-normal-font-size\" style=\"line-height:1.5\"><strong>3 heures<\/strong><\/p>\n\n\n\n<p>\u2714&nbsp;Sensibilise aux enjeux li\u00e9s \u00e0 l\u2019oc\u00e9an<\/p>\n\n\n\n<p>\u2714&nbsp;L&rsquo;impact de nos activit\u00e9s sur cet \u00e9cosyst\u00e8me<\/p>\n\n\n\n<p>\u2714&nbsp;R\u00e9flexion collective pour identifier des leviers \u00e0 toutes les \u00e9chelles<\/p>\n\n\n\n<p>\u2714 Cr\u00e9er du lien et de la coh\u00e9sion d\u2019\u00e9quipe<\/p>\n\n\n\n<div class=\"wp-container-7 wp-block-buttons alignfull\">\n<div class=\"wp-block-button has-custom-width wp-block-button__width-100\"><a class=\"wp-block-button__link has-white-color has-text-color has-background no-border-radius\" href=\"http:\/\/lenatrutt.fr\/?page_id=106\" style=\"background-color:#000000\">Programmez une intervention<\/a><\/div>\n<\/div>\n<\/div>\n\n\n\n<div class=\"wp-elements-10 wp-block-column has-subtle-background-background-color has-text-color has-background has-link-color\" style=\"color:#000000;padding-top:2em;padding-right:2em;padding-bottom:2em;padding-left:2em\">\n<h2 class=\"has-text-align-center has-primary-color has-text-color has-larger-font-size\" id=\"single\" style=\"text-transform:capitalize\"><strong>Fresque Du Num\u00e9rique<\/strong><\/h2>\n\n\n\n<p class=\"has-text-align-center has-normal-font-size\" style=\"line-height:1.5\"><strong>3 heures<\/strong><\/p>\n\n\n\n<p>\u2714&nbsp;Comprendre l&#8217;empreinte du num\u00e9rique<\/p>\n\n\n\n<p>\u2714 Les ordres de grandeur du secteur<\/p>\n\n\n\n<p>\u2714&nbsp;Repartir avec des solutions pour un num\u00e9rique durable<\/p>\n\n\n\n<div class=\"wp-container-9 wp-block-buttons alignfull\">\n<div class=\"wp-block-button has-custom-width wp-block-button__width-100\"><a class=\"wp-block-button__link has-white-color has-text-color has-background no-border-radius\" href=\"http:\/\/lenatrutt.fr\/?page_id=106\" style=\"background-color:#000000\">Programmez une intervention<\/a><\/div>\n<\/div>\n<\/div>\n\n\n\n<div class=\"wp-elements-12 wp-block-column has-subtle-background-background-color has-text-color has-background has-link-color\" style=\"color:#000000;padding-top:2em;padding-right:2em;padding-bottom:2em;padding-left:2em\">\n<h2 class=\"has-text-align-center has-primary-color has-text-color has-larger-font-size\" id=\"single\" style=\"text-transform:capitalize\"><strong>Deep Time Walk<\/strong><\/h2>\n\n\n\n<p class=\"has-text-align-center has-normal-font-size\" style=\"line-height:1.5\"><strong>3 \u00e0 4 heures<\/strong><\/p>\n\n\n\n<p>\u2714&nbsp;Exp\u00e9rience immersive retra\u00e7ant l&rsquo;histoire de la plan\u00e8te et du vivant au travers d&rsquo;une marche de 4,6km<\/p>\n\n\n\n<p>\u2714&nbsp;Une reconnexion au vivant<\/p>\n\n\n\n<p>\u2714 Scientifique et m\u00e9ditatif<\/p>\n\n\n\n<div class=\"wp-container-11 wp-block-buttons alignfull\">\n<div class=\"wp-block-button has-custom-width wp-block-button__width-100\"><a class=\"wp-block-button__link has-white-color has-text-color has-background no-border-radius\" href=\"http:\/\/lenatrutt.fr\/?page_id=106\" style=\"background-color:#000000\">Programmez une intervention<\/a><\/div>\n<\/div>\n<\/div>\n<\/div>\n\n\n\n<div class=\"wp-block-columns alignwide\">\n<div class=\"wp-elements-14 wp-block-column is-vertically-aligned-top has-subtle-background-background-color has-text-color has-background has-link-color\" style=\"color:#000000;padding-top:2em;padding-right:2em;padding-bottom:2em;padding-left:2em;flex-basis:380px\">\n<h2 class=\"has-text-align-center has-primary-color has-text-color has-larger-font-size\" id=\"single\" style=\"text-transform:capitalize\"><strong>Inventons Nos Vies Bas Carbone<\/strong><\/h2>\n\n\n\n<p class=\"has-text-align-center has-normal-font-size\" style=\"line-height:1.5\"><strong>30min \u00e0 2 heures<\/strong><\/p>\n\n\n\n<p>\u2714&nbsp;Comprendre les ordres de grandeurs des enjeux climatiques et d&rsquo;\u00e9missions de carbone<\/p>\n\n\n\n<p>\u2714&nbsp;Comprendre les objectifs de la SNBC<\/p>\n\n\n\n<p>\u2714&nbsp;R\u00e9flexion collective pour identifier des leviers de baisse d&rsquo;\u00e9mission<\/p>\n\n\n\n<div class=\"wp-container-13 wp-block-buttons alignfull\">\n<div class=\"wp-block-button has-custom-width wp-block-button__width-100\"><a class=\"wp-block-button__link has-white-color has-text-color has-background no-border-radius\" href=\"http:\/\/lenatrutt.fr\/?page_id=106\" style=\"background-color:#000000\">Programmez une intervention<\/a><\/div>\n<\/div>\n<\/div>\n<\/div>\n\n\n\n<hr class=\"wp-block-separator\"\/>\n\n\n\n<h2 class=\"alignwide has-text-align-center has-background-color has-secondary-background-color has-text-color has-background\">Cours et Conf\u00e9rences<\/h2>\n\n\n\n<div class=\"wp-block-columns alignwide\">\n<div class=\"wp-elements-16 wp-block-column is-vertically-aligned-top has-subtle-background-background-color has-text-color has-background has-link-color\" style=\"color:#000000;padding-top:2em;padding-right:2em;padding-bottom:2em;padding-left:2em;flex-basis:380px\">\n<h2 class=\"has-text-align-center has-primary-color has-text-color has-larger-font-size\" id=\"single\"><strong>Les enjeux Climat et \u00c9nergie<\/strong><\/h2>\n\n\n\n<div class=\"wp-block-image\"><figure class=\"aligncenter size-thumbnail\"><img loading=\"lazy\" width=\"150\" height=\"150\" src=\"http:\/\/lenatrutt.fr\/wp-content\/uploads\/2022\/05\/bulb-gb613875a4_1920-150x150.jpg\" alt=\"\" class=\"wp-image-90\"\/><\/figure><\/div>\n\n\n\n<p class=\"has-text-align-center has-normal-font-size\" style=\"line-height:1.5\"><strong>30min \u00e0 6 heures<\/strong><\/p>\n\n\n\n<p>\u2714&nbsp;Comprendre les ordres de grandeurs des enjeux climatiques et d&rsquo;\u00e9missions de carbone<\/p>\n\n\n\n<p>\u2714&nbsp;Introduction aux limites plan\u00e9taires<\/p>\n\n\n\n<p>\u2714&nbsp;Introduction sur les enjeux \u00e9nerg\u00e9tiques et leur lien avec le climat<\/p>\n\n\n\n<p>\u2714&nbsp;Mise en lien avec des pistes d&rsquo;action potentielles \u00e0 mettre en place<\/p>\n\n\n\n<div class=\"wp-container-15 wp-block-buttons alignfull\">\n<div class=\"wp-block-button has-custom-width wp-block-button__width-100\"><a class=\"wp-block-button__link has-white-color has-text-color has-background no-border-radius\" href=\"http:\/\/lenatrutt.fr\/?page_id=106\" style=\"background-color:#000000\">Programmez une intervention<\/a><\/div>\n<\/div>\n<\/div>\n\n\n\n<div class=\"wp-elements-18 wp-block-column is-vertically-aligned-top has-subtle-background-background-color has-text-color has-background has-link-color\" style=\"color:#000000;padding-top:2em;padding-right:2em;padding-bottom:2em;padding-left:2em;flex-basis:380px\">\n<h2 class=\"has-text-align-center has-primary-color has-text-color has-larger-font-size\" id=\"single\" style=\"text-transform:capitalize\"><strong>Management de la Performance environnementale des Entreprises<\/strong><\/h2>\n\n\n\n<p class=\"has-text-align-center has-normal-font-size\" style=\"line-height:1.5\"><strong>De 3 \u00e0 15 heures<\/strong><\/p>\n\n\n\n<p>\u2714&nbsp;Introduction aux enjeux environnementaux (limites plan\u00e9taires) et \u00e9nerg\u00e9tiques <\/p>\n\n\n\n<p>\u2714&nbsp;Objectifs du D\u00e9veloppement Durable<\/p>\n\n\n\n<p>\u2714&nbsp;Introduction au SME (Syst\u00e8me de Management Environnemental)<\/p>\n\n\n\n<p>\u2714&nbsp;Introduction au Bilan Carbone, \u00e0 l&rsquo;ACV, \u00e0 l&rsquo;\u00e9conomie circulaire&#8230;<\/p>\n\n\n\n<p>\u2714&nbsp;Compr\u00e9hension des verrous socio-cognitifs et pr\u00e9sentation des Nouveaux R\u00e9cits<\/p>\n\n\n\n<div class=\"wp-container-17 wp-block-buttons alignfull\">\n<div class=\"wp-block-button has-custom-width wp-block-button__width-100\"><a class=\"wp-block-button__link has-white-color has-text-color has-background no-border-radius\" href=\"http:\/\/lenatrutt.fr\/?page_id=106\" style=\"background-color:#000000\">Programmez une intervention<\/a><\/div>\n<\/div>\n<\/div>\n<\/div>\n\n\n\n<hr class=\"wp-block-separator\"\/>\n\n\n\n<h2 class=\"alignwide has-text-align-center has-background-color has-secondary-background-color has-text-color has-background\">Autres projets<\/h2>\n\n\n\n<div class=\"wp-block-columns alignwide are-vertically-aligned-top\">\n<div class=\"wp-elements-20 wp-block-column is-vertically-aligned-top has-subtle-background-background-color has-text-color has-background has-link-color\" style=\"color:#000000;padding-top:2em;padding-right:2em;padding-bottom:2em;padding-left:2em;flex-basis:380px\">\n<h2 class=\"has-text-align-center has-primary-color has-text-color has-larger-font-size\" id=\"single\"><strong>Calcul du Bilan Carbone de votre entreprise<\/strong><\/h2>\n\n\n\n<p class=\"has-text-align-center has-normal-font-size\" style=\"line-height:1.5\"><strong>Projet sur mesure sur plusieurs semaines\/mois<\/strong><\/p>\n\n\n\n<p>\u2714&nbsp;Comprendre les enjeux climatiques et \u00e9nerg\u00e9tiques<\/p>\n\n\n\n<p>\u2714&nbsp;Trouver les leviers d&rsquo;actions et d\u00e9finir un plan d&rsquo;action<\/p>\n\n\n\n<p>\u2714&nbsp;Comprendre sa d\u00e9pendance aux \u00e9nergies fossiles<\/p>\n\n\n\n<div class=\"wp-container-19 wp-block-buttons alignfull\">\n<div class=\"wp-block-button has-custom-width wp-block-button__width-100\"><a class=\"wp-block-button__link has-white-color has-text-color has-background no-border-radius\" href=\"http:\/\/lenatrutt.fr\/?page_id=106\" style=\"background-color:#000000\">Programmez une intervention<\/a><\/div>\n<\/div>\n<\/div>\n\n\n\n<div class=\"wp-elements-22 wp-block-column is-vertically-aligned-top has-subtle-background-background-color has-text-color has-background has-link-color\" style=\"color:#000000;padding-top:2em;padding-right:2em;padding-bottom:2em;padding-left:2em;flex-basis:380px\">\n<h2 class=\"has-text-align-center has-primary-color has-text-color has-larger-font-size\" id=\"single\" style=\"text-transform:capitalize\"><strong>Autres projets \u00e0 construire <\/strong><\/h2>\n\n\n\n<div class=\"wp-block-image\"><figure class=\"aligncenter size-medium is-resized\"><img loading=\"lazy\" src=\"http:\/\/lenatrutt.fr\/wp-content\/uploads\/2022\/05\/sheep-g420520e82_1920-300x180.jpg\" alt=\"\" class=\"wp-image-94\" width=\"225\" height=\"135\" srcset=\"https:\/\/lenatrutt.fr\/wp-content\/uploads\/2022\/05\/sheep-g420520e82_1920-300x180.jpg 300w, https:\/\/lenatrutt.fr\/wp-content\/uploads\/2022\/05\/sheep-g420520e82_1920-1024x615.jpg 1024w, https:\/\/lenatrutt.fr\/wp-content\/uploads\/2022\/05\/sheep-g420520e82_1920-768x462.jpg 768w, https:\/\/lenatrutt.fr\/wp-content\/uploads\/2022\/05\/sheep-g420520e82_1920-1536x923.jpg 1536w, https:\/\/lenatrutt.fr\/wp-content\/uploads\/2022\/05\/sheep-g420520e82_1920-1200x721.jpg 1200w, https:\/\/lenatrutt.fr\/wp-content\/uploads\/2022\/05\/sheep-g420520e82_1920.jpg 1920w\" sizes=\"(max-width: 225px) 100vw, 225px\" \/><\/figure><\/div>\n\n\n\n<p class=\"has-text-align-center has-normal-font-size\" style=\"line-height:1.5\"><strong>DISCUTONS-EN !<\/strong><\/p>\n\n\n\n<p>Vous avez des besoins particuliers ? <br>Vous souhaitez cr\u00e9er un projet pour votre structure ? <br><br>Parlons-en ! <\/p>\n\n\n\n<div class=\"wp-container-21 wp-block-buttons alignfull\">\n<div class=\"wp-block-button has-custom-width wp-block-button__width-100\"><a class=\"wp-block-button__link has-white-color has-text-color has-background no-border-radius\" href=\"http:\/\/lenatrutt.fr\/?page_id=106\" style=\"background-color:#000000\">Programmez une intervention<\/a><\/div>\n<\/div>\n<\/div>\n<\/div>\n","protected":false},"excerpt":{"rendered":"<p>Les Ateliers Coop\u00e9ratifs Fresque du Climat 3 heures \u2714 D\u00e9couvrir, d\u00e9crypter, comprendre les enjeux climat \u2714 Cr\u00e9er du lien et de la coh\u00e9sion d\u2019\u00e9quipe \u2714 Embarquer l\u2019organisation dans des projets \u00e0 impacts \u2714 Propulser les initiatives engag\u00e9es Fresque de la Biodiversit\u00e9 3 heures \u2714 D\u00e9couvrir, d\u00e9crypter, comprendre l&rsquo;aspect syst\u00e9mique de l&rsquo;\u00e9rosion de la biodiversit\u00e9 : [&hellip;]<\/p>\n","protected":false},"author":1,"featured_media":0,"parent":0,"menu_order":0,"comment_status":"closed","ping_status":"closed","template":"","meta":[],"_links":{"self":[{"href":"https:\/\/lenatrutt.fr\/index.php?rest_route=\/wp\/v2\/pages\/29"}],"collection":[{"href":"https:\/\/lenatrutt.fr\/index.php?rest_route=\/wp\/v2\/pages"}],"about":[{"href":"https:\/\/lenatrutt.fr\/index.php?rest_route=\/wp\/v2\/types\/page"}],"author":[{"embeddable":true,"href":"https:\/\/lenatrutt.fr\/index.php?rest_route=\/wp\/v2\/users\/1"}],"replies":[{"embeddable":true,"href":"https:\/\/lenatrutt.fr\/index.php?rest_route=%2Fwp%2Fv2%2Fcomments&post=29"}],"version-history":[{"count":8,"href":"https:\/\/lenatrutt.fr\/index.php?rest_route=\/wp\/v2\/pages\/29\/revisions"}],"predecessor-version":[{"id":138,"href":"https:\/\/lenatrutt.fr\/index.php?rest_route=\/wp\/v2\/pages\/29\/revisions\/138"}],"wp:attachment":[{"href":"https:\/\/lenatrutt.fr\/index.php?rest_route=%2Fwp%2Fv2%2Fmedia&parent=29"}],"curies":[{"name":"wp","href":"https:\/\/api.w.org\/{rel}","templated":true}]}}