{"id":31,"date":"2021-09-29T12:02:46","date_gmt":"2021-09-29T10:02:46","guid":{"rendered":"http:\/\/lenatrutt.fr\/?page_id=31"},"modified":"2022-05-11T13:24:06","modified_gmt":"2022-05-11T11:24:06","slug":"accueil","status":"publish","type":"page","link":"https:\/\/lenatrutt.fr\/","title":{"rendered":"Accueil"},"content":{"rendered":"\n<h2 class=\"alignfull has-text-align-center has-primary-color has-text-color\">Formation et accompagnement \u00e0 la transition \u00e9cologique<\/h2>\n\n\n\n<h6 class=\"alignfull has-text-align-center\">Qui que vous soyez, vous \u00eates au bon endroit !<\/h6>\n\n\n\n<h4 class=\"alignfull has-text-align-center has-background-color has-secondary-background-color has-text-color has-background\" style=\"font-size:40px;font-style:normal;font-weight:900;text-transform:uppercase\">MES ACCOMPAGNEMENTS<\/h4>\n\n\n\n<div class=\"wp-block-columns alignwide\">\n<div class=\"wp-block-column has-white-background-color has-background\">\n<h3 class=\"has-text-align-center\" style=\"font-size:40px;text-transform:capitalize\">Ateliers <br>Coop\u00e9ratifs<\/h3>\n\n\n\n<figure class=\"wp-block-image size-large\"><img loading=\"lazy\" width=\"1024\" height=\"645\" src=\"http:\/\/lenatrutt.fr\/wp-content\/uploads\/2021\/10\/teamwork-gbdda76b19_1920-1-1024x645.jpg\" alt=\"\" class=\"wp-image-53\" srcset=\"https:\/\/lenatrutt.fr\/wp-content\/uploads\/2021\/10\/teamwork-gbdda76b19_1920-1-1024x645.jpg 1024w, https:\/\/lenatrutt.fr\/wp-content\/uploads\/2021\/10\/teamwork-gbdda76b19_1920-1-300x189.jpg 300w, https:\/\/lenatrutt.fr\/wp-content\/uploads\/2021\/10\/teamwork-gbdda76b19_1920-1-768x484.jpg 768w, https:\/\/lenatrutt.fr\/wp-content\/uploads\/2021\/10\/teamwork-gbdda76b19_1920-1-1536x968.jpg 1536w, https:\/\/lenatrutt.fr\/wp-content\/uploads\/2021\/10\/teamwork-gbdda76b19_1920-1-1200x756.jpg 1200w, https:\/\/lenatrutt.fr\/wp-content\/uploads\/2021\/10\/teamwork-gbdda76b19_1920-1.jpg 1920w\" sizes=\"(max-width: 1024px) 100vw, 1024px\" \/><\/figure>\n\n\n\n<ul><li> Fresque du Climat (Atelier ou Formation \u00e0 l&rsquo;animation)<\/li><li>Fresque de la Biodiversit\u00e9<\/li><li>Fresque du Num\u00e9rique<\/li><li>Fresque Oc\u00e9ane<\/li><li>Fresque des Nouveaux R\u00e9cits<\/li><li>Inventons Nos Vies Bas Carbone<\/li><li>Deep Time Walk<\/li><li>2 tonnes<\/li><\/ul>\n\n\n\n<div class=\"wp-container-1 wp-block-buttons\">\n<div class=\"wp-block-button is-style-fill\"><a class=\"wp-block-button__link has-white-color has-primary-background-color has-text-color has-background\" href=\"http:\/\/lenatrutt.fr\/?page_id=29\">&gt; en savoir plus<\/a><\/div>\n<\/div>\n<\/div>\n\n\n\n<div class=\"wp-block-column has-white-background-color has-background\">\n<h3 class=\"has-text-align-center\" style=\"font-size:40px\">Cours et Conf\u00e9rences<\/h3>\n\n\n\n<figure class=\"wp-block-image size-large\"><img loading=\"lazy\" width=\"1024\" height=\"683\" src=\"http:\/\/lenatrutt.fr\/wp-content\/uploads\/2022\/05\/jaime-lopes-0RDBOAdnbWM-unsplash-1024x683.jpg\" alt=\"\" class=\"wp-image-78\" srcset=\"https:\/\/lenatrutt.fr\/wp-content\/uploads\/2022\/05\/jaime-lopes-0RDBOAdnbWM-unsplash-1024x683.jpg 1024w, https:\/\/lenatrutt.fr\/wp-content\/uploads\/2022\/05\/jaime-lopes-0RDBOAdnbWM-unsplash-300x200.jpg 300w, https:\/\/lenatrutt.fr\/wp-content\/uploads\/2022\/05\/jaime-lopes-0RDBOAdnbWM-unsplash-768x512.jpg 768w, https:\/\/lenatrutt.fr\/wp-content\/uploads\/2022\/05\/jaime-lopes-0RDBOAdnbWM-unsplash-1536x1024.jpg 1536w, https:\/\/lenatrutt.fr\/wp-content\/uploads\/2022\/05\/jaime-lopes-0RDBOAdnbWM-unsplash-2048x1365.jpg 2048w, https:\/\/lenatrutt.fr\/wp-content\/uploads\/2022\/05\/jaime-lopes-0RDBOAdnbWM-unsplash-1200x800.jpg 1200w, https:\/\/lenatrutt.fr\/wp-content\/uploads\/2022\/05\/jaime-lopes-0RDBOAdnbWM-unsplash-1980x1320.jpg 1980w\" sizes=\"(max-width: 1024px) 100vw, 1024px\" \/><\/figure>\n\n\n\n<ul><li>Les principaux enjeux environnementaux (Limites Plan\u00e9taires)<\/li><li>Enjeux \u00e9nerg\u00e9tiques et environnementaux<\/li><li>Biais Cognitifs \/Nouveaux R\u00e9cits<\/li><li>Outils de Management de la Performance Environnementale des Entreprises<\/li><li>\u00ab\u00a0The Big Conf\u00a0\u00bb d&rsquo;Avenir Climatique  &#8211; enjeux climat\/\u00e9nergie<\/li><\/ul>\n\n\n\n<div class=\"wp-container-2 wp-block-buttons\">\n<div class=\"wp-block-button is-style-fill\"><a class=\"wp-block-button__link has-white-color has-primary-background-color has-text-color has-background\" href=\"http:\/\/lenatrutt.fr\/?page_id=29\">&gt; en savoir plus<\/a><\/div>\n<\/div>\n\n\n\n<div class=\"wp-container-3 wp-block-group\"><\/div>\n<\/div>\n\n\n\n<div class=\"wp-block-column has-white-background-color has-background\">\n<h2 class=\"has-text-align-center\" style=\"font-size:40px\">Autres Accompagnements<\/h2>\n\n\n\n<figure class=\"wp-block-image size-large\"><img loading=\"lazy\" width=\"1024\" height=\"683\" src=\"http:\/\/lenatrutt.fr\/wp-content\/uploads\/2022\/05\/scott-graham-5fNmWej4tAA-unsplash-1-1024x683.jpg\" alt=\"\" class=\"wp-image-79\" srcset=\"https:\/\/lenatrutt.fr\/wp-content\/uploads\/2022\/05\/scott-graham-5fNmWej4tAA-unsplash-1-1024x683.jpg 1024w, https:\/\/lenatrutt.fr\/wp-content\/uploads\/2022\/05\/scott-graham-5fNmWej4tAA-unsplash-1-300x200.jpg 300w, https:\/\/lenatrutt.fr\/wp-content\/uploads\/2022\/05\/scott-graham-5fNmWej4tAA-unsplash-1-768x513.jpg 768w, https:\/\/lenatrutt.fr\/wp-content\/uploads\/2022\/05\/scott-graham-5fNmWej4tAA-unsplash-1-1536x1025.jpg 1536w, https:\/\/lenatrutt.fr\/wp-content\/uploads\/2022\/05\/scott-graham-5fNmWej4tAA-unsplash-1-2048x1367.jpg 2048w, https:\/\/lenatrutt.fr\/wp-content\/uploads\/2022\/05\/scott-graham-5fNmWej4tAA-unsplash-1-1200x801.jpg 1200w, https:\/\/lenatrutt.fr\/wp-content\/uploads\/2022\/05\/scott-graham-5fNmWej4tAA-unsplash-1-1980x1321.jpg 1980w\" sizes=\"(max-width: 1024px) 100vw, 1024px\" \/><\/figure>\n\n\n\n<ul><li>Bilan Carbone de votre entreprise, collectivit\u00e9, ou structure<\/li><li>Mise en place d&rsquo;un plan d&rsquo;action vers une transition \u00e9cologique et sociale pour votre structure<\/li><li>Accompagnement vers une transition \u00e9cologique et sociale de votre structure<\/li><li>Autres projets \u00e0 construire ensemble<\/li><\/ul>\n\n\n\n<div class=\"wp-container-4 wp-block-buttons\">\n<div class=\"wp-block-button is-style-fill\"><a class=\"wp-block-button__link has-white-color has-primary-background-color has-text-color has-background\" href=\"http:\/\/lenatrutt.fr\/?page_id=29\">&gt; en savoir plus<\/a><\/div>\n<\/div>\n<\/div>\n<\/div>\n\n\n\n<h4 class=\"alignfull has-text-align-center has-background-color has-secondary-background-color has-text-color has-background\" style=\"font-size:40px;font-style:normal;font-weight:900;text-transform:uppercase\">Pour qui ?<\/h4>\n\n\n\n<div class=\"wp-block-columns alignwide\">\n<div class=\"wp-elements-6 wp-block-column has-white-background-color has-text-color has-background has-link-color\" style=\"color:#000000;padding-top:2em;padding-right:2em;padding-bottom:2em;padding-left:2em\">\n<h2 class=\"has-text-align-center\" id=\"single\" style=\"font-size:40px\"><strong><strong>Entreprises<\/strong><\/strong><\/h2>\n\n\n\n<figure class=\"wp-block-image size-large\"><img loading=\"lazy\" width=\"1024\" height=\"683\" src=\"http:\/\/lenatrutt.fr\/wp-content\/uploads\/2022\/05\/dylan-gillis-KdeqA3aTnBY-unsplash-1024x683.jpg\" alt=\"\" class=\"wp-image-75\" srcset=\"https:\/\/lenatrutt.fr\/wp-content\/uploads\/2022\/05\/dylan-gillis-KdeqA3aTnBY-unsplash-1024x683.jpg 1024w, https:\/\/lenatrutt.fr\/wp-content\/uploads\/2022\/05\/dylan-gillis-KdeqA3aTnBY-unsplash-300x200.jpg 300w, https:\/\/lenatrutt.fr\/wp-content\/uploads\/2022\/05\/dylan-gillis-KdeqA3aTnBY-unsplash-768x512.jpg 768w, https:\/\/lenatrutt.fr\/wp-content\/uploads\/2022\/05\/dylan-gillis-KdeqA3aTnBY-unsplash-1536x1024.jpg 1536w, https:\/\/lenatrutt.fr\/wp-content\/uploads\/2022\/05\/dylan-gillis-KdeqA3aTnBY-unsplash-2048x1365.jpg 2048w, https:\/\/lenatrutt.fr\/wp-content\/uploads\/2022\/05\/dylan-gillis-KdeqA3aTnBY-unsplash-1200x800.jpg 1200w, https:\/\/lenatrutt.fr\/wp-content\/uploads\/2022\/05\/dylan-gillis-KdeqA3aTnBY-unsplash-1980x1320.jpg 1980w\" sizes=\"(max-width: 1024px) 100vw, 1024px\" \/><\/figure>\n\n\n\n<p class=\"has-text-align-center has-normal-font-size\">Vous souhaitez organiser un \u00e9v\u00e8nement f\u00e9d\u00e9rateur et\/ou sensibiliser vos collaborateurs aux enjeux environnementaux ? <\/p>\n\n\n\n<div class=\"wp-container-5 wp-block-buttons\">\n<div class=\"wp-block-button has-custom-width wp-block-button__width-100\"><a class=\"wp-block-button__link has-white-color has-text-color has-background no-border-radius\" href=\"http:\/\/lenatrutt.fr\/?page_id=29\" style=\"background-color:#000000\">&gt; En savoir Plus<\/a><\/div>\n<\/div>\n<\/div>\n\n\n\n<div class=\"wp-elements-8 wp-block-column has-white-background-color has-text-color has-background has-link-color\" style=\"color:#000000;padding-top:2em;padding-right:2em;padding-bottom:2em;padding-left:2em\">\n<h2 class=\"has-text-align-center\" id=\"family\" style=\"font-size:40px\"><strong><strong>Collectivit\u00e9s<\/strong><\/strong><\/h2>\n\n\n\n<figure class=\"wp-block-image size-large\"><img loading=\"lazy\" width=\"1024\" height=\"683\" src=\"http:\/\/lenatrutt.fr\/wp-content\/uploads\/2021\/10\/rouen-ga6d6847ac_1920-1-1024x683.jpg\" alt=\"\" class=\"wp-image-55\" srcset=\"https:\/\/lenatrutt.fr\/wp-content\/uploads\/2021\/10\/rouen-ga6d6847ac_1920-1-1024x683.jpg 1024w, https:\/\/lenatrutt.fr\/wp-content\/uploads\/2021\/10\/rouen-ga6d6847ac_1920-1-300x200.jpg 300w, https:\/\/lenatrutt.fr\/wp-content\/uploads\/2021\/10\/rouen-ga6d6847ac_1920-1-768x512.jpg 768w, https:\/\/lenatrutt.fr\/wp-content\/uploads\/2021\/10\/rouen-ga6d6847ac_1920-1-1536x1024.jpg 1536w, https:\/\/lenatrutt.fr\/wp-content\/uploads\/2021\/10\/rouen-ga6d6847ac_1920-1-1200x800.jpg 1200w, https:\/\/lenatrutt.fr\/wp-content\/uploads\/2021\/10\/rouen-ga6d6847ac_1920-1.jpg 1920w\" sizes=\"(max-width: 1024px) 100vw, 1024px\" \/><\/figure>\n\n\n\n<p class=\"has-text-align-center has-normal-font-size\">Vous souhaitez organiser un moment convivial pour favoriser les \u00e9changes entre services autour d&rsquo;un sujet de d\u00e9veloppement durable ?&nbsp;<\/p>\n\n\n\n<div class=\"wp-container-7 wp-block-buttons alignfull\">\n<div class=\"wp-block-button has-custom-width wp-block-button__width-100 is-style-fill\"><a class=\"wp-block-button__link has-white-color has-text-color has-background no-border-radius\" href=\"http:\/\/lenatrutt.fr\/?page_id=29\" style=\"background-color:#000000\">&gt; En savoir Plus<\/a><\/div>\n<\/div>\n<\/div>\n\n\n\n<div class=\"wp-elements-10 wp-block-column has-white-background-color has-text-color has-background has-link-color\" style=\"color:#000000;padding-top:2em;padding-right:2em;padding-bottom:2em;padding-left:2em\">\n<h2 class=\"has-text-align-center\" id=\"patron\" style=\"font-size:40px\"><strong><strong>\u00c9ducation <\/strong><\/strong><\/h2>\n\n\n\n<figure class=\"wp-block-image size-large\"><img loading=\"lazy\" width=\"1024\" height=\"683\" src=\"http:\/\/lenatrutt.fr\/wp-content\/uploads\/2021\/10\/pencils-g25d0445e4_1920-1024x683.jpg\" alt=\"\" class=\"wp-image-59\" srcset=\"https:\/\/lenatrutt.fr\/wp-content\/uploads\/2021\/10\/pencils-g25d0445e4_1920-1024x683.jpg 1024w, https:\/\/lenatrutt.fr\/wp-content\/uploads\/2021\/10\/pencils-g25d0445e4_1920-300x200.jpg 300w, https:\/\/lenatrutt.fr\/wp-content\/uploads\/2021\/10\/pencils-g25d0445e4_1920-768x512.jpg 768w, https:\/\/lenatrutt.fr\/wp-content\/uploads\/2021\/10\/pencils-g25d0445e4_1920-1536x1024.jpg 1536w, https:\/\/lenatrutt.fr\/wp-content\/uploads\/2021\/10\/pencils-g25d0445e4_1920-1200x800.jpg 1200w, https:\/\/lenatrutt.fr\/wp-content\/uploads\/2021\/10\/pencils-g25d0445e4_1920.jpg 1920w\" sizes=\"(max-width: 1024px) 100vw, 1024px\" \/><\/figure>\n\n\n\n<p class=\"has-text-align-center has-normal-font-size\">Vous souhaitez proposer \u00e0 vos \u00e9tudiants ou \u00e9l\u00e8ves un accompagnement ou des activit\u00e9s sur des sujets de transition \u00e9cologique ?<\/p>\n\n\n\n<div class=\"wp-container-9 wp-block-buttons alignfull\">\n<div class=\"wp-block-button has-custom-width wp-block-button__width-100\"><a class=\"wp-block-button__link has-white-color has-text-color has-background no-border-radius\" href=\"http:\/\/lenatrutt.fr\/?page_id=29\" style=\"background-color:#000000\">&gt; En savoir Plus<\/a><\/div>\n<\/div>\n<\/div>\n<\/div>\n\n\n\n<h2 class=\"alignfull has-text-align-center has-background-color has-secondary-background-color has-text-color has-background\" style=\"font-size:40px\">ME CONTACTER<\/h2>\n\n\n\n<div class=\"wp-container-11 wp-block-group\"><div class=\"wp-block-group__inner-container\">\n<div class=\"wp-block-columns\">\n<div class=\"wp-block-column\" style=\"flex-basis:33.33%\"><div class=\"wp-block-site-logo\"><a href=\"https:\/\/lenatrutt.fr\/\" class=\"custom-logo-link\" rel=\"home\"><img loading=\"lazy\" width=\"133\" height=\"49\" style=\"height: 49px;\" src=\"https:\/\/lenatrutt.fr\/wp-content\/uploads\/2021\/09\/cropped-Bandeau-sans-titre.png\" class=\"custom-logo\" alt=\"L\u00e9na Trutt\" srcset=\"https:\/\/lenatrutt.fr\/wp-content\/uploads\/2021\/09\/cropped-Bandeau-sans-titre.png 1330w, https:\/\/lenatrutt.fr\/wp-content\/uploads\/2021\/09\/cropped-Bandeau-sans-titre-300x112.png 300w, https:\/\/lenatrutt.fr\/wp-content\/uploads\/2021\/09\/cropped-Bandeau-sans-titre-1024x383.png 1024w, https:\/\/lenatrutt.fr\/wp-content\/uploads\/2021\/09\/cropped-Bandeau-sans-titre-768x288.png 768w, https:\/\/lenatrutt.fr\/wp-content\/uploads\/2021\/09\/cropped-Bandeau-sans-titre-1200x449.png 1200w\" sizes=\"(max-width: 266px) 100vw, 266px\" \/><\/a><\/div><\/div>\n\n\n\n<div class=\"wp-block-column\" style=\"flex-basis:66.66%\">\n<p><strong>L\u00e9na Trutt Expertise<\/strong><br>7 rue Richard Lenoir 76000 Rouen <br>contact@lenatrutt.fr<\/p>\n<\/div>\n<\/div>\n<\/div><\/div>\n","protected":false},"excerpt":{"rendered":"<p>Formation et accompagnement \u00e0 la transition \u00e9cologique Qui que vous soyez, vous \u00eates au bon endroit ! MES ACCOMPAGNEMENTS Ateliers Coop\u00e9ratifs Fresque du Climat (Atelier ou Formation \u00e0 l&rsquo;animation) Fresque de la Biodiversit\u00e9 Fresque du Num\u00e9rique Fresque Oc\u00e9ane Fresque des Nouveaux R\u00e9cits Inventons Nos Vies Bas Carbone Deep Time Walk 2 tonnes Cours et Conf\u00e9rences [&hellip;]<\/p>\n","protected":false},"author":1,"featured_media":0,"parent":0,"menu_order":0,"comment_status":"closed","ping_status":"closed","template":"","meta":[],"_links":{"self":[{"href":"https:\/\/lenatrutt.fr\/index.php?rest_route=\/wp\/v2\/pages\/31"}],"collection":[{"href":"https:\/\/lenatrutt.fr\/index.php?rest_route=\/wp\/v2\/pages"}],"about":[{"href":"https:\/\/lenatrutt.fr\/index.php?rest_route=\/wp\/v2\/types\/page"}],"author":[{"embeddable":true,"href":"https:\/\/lenatrutt.fr\/index.php?rest_route=\/wp\/v2\/users\/1"}],"replies":[{"embeddable":true,"href":"https:\/\/lenatrutt.fr\/index.php?rest_route=%2Fwp%2Fv2%2Fcomments&post=31"}],"version-history":[{"count":22,"href":"https:\/\/lenatrutt.fr\/index.php?rest_route=\/wp\/v2\/pages\/31\/revisions"}],"predecessor-version":[{"id":133,"href":"https:\/\/lenatrutt.fr\/index.php?rest_route=\/wp\/v2\/pages\/31\/revisions\/133"}],"wp:attachment":[{"href":"https:\/\/lenatrutt.fr\/index.php?rest_route=%2Fwp%2Fv2%2Fmedia&parent=31"}],"curies":[{"name":"wp","href":"https:\/\/api.w.org\/{rel}","templated":true}]}}